{"id":10,"date":"2019-03-13T09:30:06","date_gmt":"2019-03-13T09:30:06","guid":{"rendered":"http:\/\/content.ferienwohnung-lipinski.de\/?page_id=10"},"modified":"2019-07-05T12:27:35","modified_gmt":"2019-07-05T12:27:35","slug":"willkommen","status":"publish","type":"page","link":"http:\/\/content.ferienwohnung-lipinski.de\/","title":{"rendered":"Willkommen"},"content":{"rendered":"\n<p>Herzlich Willkommen auf meiner Webseite \u00a0.\u00a0\u00a0\u00a0\u00a0\u00a0\u00a0\u00a0\u00a0\u00a0\u00a0\u00a0\u00a0\u00a0\u00a0\u00a0\u00a0\u00a0\u00a0 \u00a0 <\/p>\n\n\n\n<p>Ich w\u00fcrde mich freuen, wenn Sie meine n\u00e4chsten G\u00e4ste werden. <\/p>\n","protected":false},"excerpt":{"rendered":"<p>Herzlich Willkommen auf meiner Webseite \u00a0.\u00a0\u00a0\u00a0\u00a0\u00a0\u00a0\u00a0\u00a0\u00a0\u00a0\u00a0\u00a0\u00a0\u00a0\u00a0\u00a0\u00a0\u00a0 \u00a0 Ich w\u00fcrde mich freuen, wenn Sie meine n\u00e4chsten G\u00e4ste werden.<\/p>\n","protected":false},"author":1,"featured_media":0,"parent":0,"menu_order":1,"comment_status":"closed","ping_status":"closed","template":"","meta":{"footnotes":""},"class_list":["post-10","page","type-page","status-publish","hentry"],"_links":{"self":[{"href":"http:\/\/content.ferienwohnung-lipinski.de\/index.php?rest_route=\/wp\/v2\/pages\/10","targetHints":{"allow":["GET"]}}],"collection":[{"href":"http:\/\/content.ferienwohnung-lipinski.de\/index.php?rest_route=\/wp\/v2\/pages"}],"about":[{"href":"http:\/\/content.ferienwohnung-lipinski.de\/index.php?rest_route=\/wp\/v2\/types\/page"}],"author":[{"embeddable":true,"href":"http:\/\/content.ferienwohnung-lipinski.de\/index.php?rest_route=\/wp\/v2\/users\/1"}],"replies":[{"embeddable":true,"href":"http:\/\/content.ferienwohnung-lipinski.de\/index.php?rest_route=%2Fwp%2Fv2%2Fcomments&post=10"}],"version-history":[{"count":4,"href":"http:\/\/content.ferienwohnung-lipinski.de\/index.php?rest_route=\/wp\/v2\/pages\/10\/revisions"}],"predecessor-version":[{"id":232,"href":"http:\/\/content.ferienwohnung-lipinski.de\/index.php?rest_route=\/wp\/v2\/pages\/10\/revisions\/232"}],"wp:attachment":[{"href":"http:\/\/content.ferienwohnung-lipinski.de\/index.php?rest_route=%2Fwp%2Fv2%2Fmedia&parent=10"}],"curies":[{"name":"wp","href":"https:\/\/api.w.org\/{rel}","templated":true}]}}