{"id":136,"date":"2019-04-18T09:48:41","date_gmt":"2019-04-18T09:48:41","guid":{"rendered":"http:\/\/content.ferienwohnung-lipinski.de\/?page_id=136"},"modified":"2019-07-05T12:28:47","modified_gmt":"2019-07-05T12:28:47","slug":"ferienwohnung","status":"publish","type":"page","link":"http:\/\/content.ferienwohnung-lipinski.de\/?page_id=136","title":{"rendered":"Ferienwohnung"},"content":{"rendered":"\n<p>Die Ferienwohnung hat eine Gr\u00f6\u00dfe von 64 Quadratmetern. Zur Ferienwohnung geh\u00f6ren ein Wohnzimmer, Schlafzimmer, Bad sowie eine gut ausgestattete K\u00fcche.<\/p>\n\n\n\n<p>Des weiteren verf\u00fcgt die Ferienwohnung \u00fcber einen 8 Quadratmeter gro\u00dfen Balkon.<\/p>\n\n\n\n<p>Die Ferienwohnung befindet sich im ersten Stock eines Mehrfamilienhauses.<\/p>\n\n\n\n<p>Ein Parkplatz befindet sich direkt gegen\u00fcber dem Haus.<\/p>\n\n\n\n<p><\/p>\n","protected":false},"excerpt":{"rendered":"<p>Die Ferienwohnung hat eine Gr\u00f6\u00dfe von 64 Quadratmetern. Zur Ferienwohnung geh\u00f6ren ein Wohnzimmer, Schlafzimmer, Bad sowie eine gut ausgestattete K\u00fcche. Des weiteren verf\u00fcgt die Ferienwohnung \u00fcber einen 8 Quadratmeter gro\u00dfen Balkon. Die Ferienwohnung befindet sich im ersten Stock eines Mehrfamilienhauses. Ein Parkplatz befindet sich direkt gegen\u00fcber dem Haus.<\/p>\n","protected":false},"author":1,"featured_media":0,"parent":52,"menu_order":0,"comment_status":"closed","ping_status":"closed","template":"","meta":{"footnotes":""},"class_list":["post-136","page","type-page","status-publish","hentry"],"_links":{"self":[{"href":"http:\/\/content.ferienwohnung-lipinski.de\/index.php?rest_route=\/wp\/v2\/pages\/136","targetHints":{"allow":["GET"]}}],"collection":[{"href":"http:\/\/content.ferienwohnung-lipinski.de\/index.php?rest_route=\/wp\/v2\/pages"}],"about":[{"href":"http:\/\/content.ferienwohnung-lipinski.de\/index.php?rest_route=\/wp\/v2\/types\/page"}],"author":[{"embeddable":true,"href":"http:\/\/content.ferienwohnung-lipinski.de\/index.php?rest_route=\/wp\/v2\/users\/1"}],"replies":[{"embeddable":true,"href":"http:\/\/content.ferienwohnung-lipinski.de\/index.php?rest_route=%2Fwp%2Fv2%2Fcomments&post=136"}],"version-history":[{"count":4,"href":"http:\/\/content.ferienwohnung-lipinski.de\/index.php?rest_route=\/wp\/v2\/pages\/136\/revisions"}],"predecessor-version":[{"id":235,"href":"http:\/\/content.ferienwohnung-lipinski.de\/index.php?rest_route=\/wp\/v2\/pages\/136\/revisions\/235"}],"up":[{"embeddable":true,"href":"http:\/\/content.ferienwohnung-lipinski.de\/index.php?rest_route=\/wp\/v2\/pages\/52"}],"wp:attachment":[{"href":"http:\/\/content.ferienwohnung-lipinski.de\/index.php?rest_route=%2Fwp%2Fv2%2Fmedia&parent=136"}],"curies":[{"name":"wp","href":"https:\/\/api.w.org\/{rel}","templated":true}]}}