{"id":75,"date":"2019-03-13T10:11:02","date_gmt":"2019-03-13T10:11:02","guid":{"rendered":"http:\/\/content.ferienwohnung-lipinski.de\/?page_id=75"},"modified":"2019-05-02T13:43:30","modified_gmt":"2019-05-02T13:43:30","slug":"messen","status":"publish","type":"page","link":"http:\/\/content.ferienwohnung-lipinski.de\/?page_id=75","title":{"rendered":"Messen"},"content":{"rendered":"\n<p>Messe Essen<\/p>\n\n\n\n<p>Von der Ferienwohnung bis zur <a rel=\"noreferrer noopener\" aria-label=\" (\u00f6ffnet in neuem Tab)\" href=\"https:\/\/www.messe-essen.de\/\" target=\"_blank\">Messe Esssen<\/a> sind es weniger als 25 Kilometer. Die  <a rel=\"noreferrer noopener\" aria-label=\" (\u00f6ffnet in neuem Tab)\" href=\"https:\/\/www.messe-essen.de\/\" target=\"_blank\">Messe Essen<\/a> bietet \u00fcber das Jahr verteilt verschiedene Austellungen.<\/p>\n\n\n\n<p>Messe D\u00fcsseldorf<\/p>\n\n\n\n<p>Auch zur <a rel=\"noreferrer noopener\" aria-label=\" (\u00f6ffnet in neuem Tab)\" href=\"https:\/\/www.messe-duesseldorf.de\/\" target=\"_blank\">Messe D\u00fcsseldorf<\/a> sind es nicht einmal 40 Kilometer. Auch hier werden das ganze Jahr \u00fcber verschiedene  Messen und Austellungen angeboten. Ausserdem findet man hier auch Parkpl\u00e4tze f\u00fcr die <a rel=\"noreferrer noopener\" aria-label=\" (\u00f6ffnet in neuem Tab)\" href=\"http:\/\/www.rheinkirmes.com\/\" target=\"_blank\">Rheinuferkirmes<\/a>.<\/p>\n\n\n\n<p>Messe Dortmund<\/p>\n\n\n\n<p>Auch die <a href=\"https:\/\/www.westfalenhallen.de\/\" target=\"_blank\" rel=\"noreferrer noopener\" aria-label=\"Messe Dortmund (\u00f6ffnet in neuem Tab)\">Messe Dortmund<\/a> mit der Westfalenhalle ist in weniger als einer Stunde mit dem Auto erreichbar. Hier finden neben vielen Messen auch Konzerte und andere Veranstaltungen statt.<\/p>\n","protected":false},"excerpt":{"rendered":"<p>Messe Essen Von der Ferienwohnung bis zur Messe Esssen sind es weniger als 25 Kilometer. Die Messe Essen bietet \u00fcber das Jahr verteilt verschiedene Austellungen. Messe D\u00fcsseldorf Auch zur Messe D\u00fcsseldorf sind es nicht einmal 40 Kilometer. Auch hier werden das ganze Jahr \u00fcber verschiedene Messen und Austellungen angeboten. Ausserdem findet man hier auch Parkpl\u00e4tze &hellip; <\/p>\n<p class=\"link-more\"><a href=\"http:\/\/content.ferienwohnung-lipinski.de\/?page_id=75\" class=\"more-link\"><span class=\"screen-reader-text\">\u201eMessen\u201c<\/span> weiterlesen<\/a><\/p>\n","protected":false},"author":1,"featured_media":0,"parent":84,"menu_order":0,"comment_status":"closed","ping_status":"closed","template":"","meta":{"footnotes":""},"class_list":["post-75","page","type-page","status-publish","hentry"],"_links":{"self":[{"href":"http:\/\/content.ferienwohnung-lipinski.de\/index.php?rest_route=\/wp\/v2\/pages\/75","targetHints":{"allow":["GET"]}}],"collection":[{"href":"http:\/\/content.ferienwohnung-lipinski.de\/index.php?rest_route=\/wp\/v2\/pages"}],"about":[{"href":"http:\/\/content.ferienwohnung-lipinski.de\/index.php?rest_route=\/wp\/v2\/types\/page"}],"author":[{"embeddable":true,"href":"http:\/\/content.ferienwohnung-lipinski.de\/index.php?rest_route=\/wp\/v2\/users\/1"}],"replies":[{"embeddable":true,"href":"http:\/\/content.ferienwohnung-lipinski.de\/index.php?rest_route=%2Fwp%2Fv2%2Fcomments&post=75"}],"version-history":[{"count":3,"href":"http:\/\/content.ferienwohnung-lipinski.de\/index.php?rest_route=\/wp\/v2\/pages\/75\/revisions"}],"predecessor-version":[{"id":167,"href":"http:\/\/content.ferienwohnung-lipinski.de\/index.php?rest_route=\/wp\/v2\/pages\/75\/revisions\/167"}],"up":[{"embeddable":true,"href":"http:\/\/content.ferienwohnung-lipinski.de\/index.php?rest_route=\/wp\/v2\/pages\/84"}],"wp:attachment":[{"href":"http:\/\/content.ferienwohnung-lipinski.de\/index.php?rest_route=%2Fwp%2Fv2%2Fmedia&parent=75"}],"curies":[{"name":"wp","href":"https:\/\/api.w.org\/{rel}","templated":true}]}}