{"id":77,"date":"2019-03-13T10:11:31","date_gmt":"2019-03-13T10:11:31","guid":{"rendered":"http:\/\/content.ferienwohnung-lipinski.de\/?page_id=77"},"modified":"2019-04-18T10:52:29","modified_gmt":"2019-04-18T10:52:29","slug":"musicals","status":"publish","type":"page","link":"http:\/\/content.ferienwohnung-lipinski.de\/?page_id=77","title":{"rendered":"Musicals"},"content":{"rendered":"\n<p>Es gibt in n\u00e4hrem und weiterem Umfeld ein breites Angebot an Musicals. So gibt es in Essen das <a href=\"https:\/\/www.colosseumtheater.de\/index.php\/startseite\">Colosseum Theater<\/a>, in Oberhausen das <a rel=\"noreferrer noopener\" aria-label=\"Metronom Theater (\u00f6ffnet in neuem Tab)\" href=\"https:\/\/www.stage-entertainment.de\/unternehmen\/theater-vermietung\/stage-metronom-theater.html?dj=www.metronomtheater.de\/\" target=\"_blank\">Metronom Theater<\/a>, in D\u00fcsseldorf das <a rel=\"noreferrer noopener\" aria-label=\"Capitol Theater (\u00f6ffnet in neuem Tab)\" href=\"https:\/\/www.capitol-theater.de\/\" target=\"_blank\">Capitol Theater<\/a>, in K\u00f6ln den <a rel=\"noreferrer noopener\" aria-label=\"Musical Dome (\u00f6ffnet in neuem Tab)\" href=\"http:\/\/www.mehr.de\/spielstaetten\/musical-dome-koeln\/musical-dome-koeln\/\" target=\"_blank\">Musical Dome<\/a> und nicht zu vergessen das seit \u00fcber 30 Jahren in Bochum ans\u00e4\u00dfige Starlight Theater<\/p>\n","protected":false},"excerpt":{"rendered":"<p>Es gibt in n\u00e4hrem und weiterem Umfeld ein breites Angebot an Musicals. So gibt es in Essen das Colosseum Theater, in Oberhausen das Metronom Theater, in D\u00fcsseldorf das Capitol Theater, in K\u00f6ln den Musical Dome und nicht zu vergessen das seit \u00fcber 30 Jahren in Bochum ans\u00e4\u00dfige Starlight Theater<\/p>\n","protected":false},"author":1,"featured_media":0,"parent":84,"menu_order":0,"comment_status":"closed","ping_status":"closed","template":"","meta":{"footnotes":""},"class_list":["post-77","page","type-page","status-publish","hentry"],"_links":{"self":[{"href":"http:\/\/content.ferienwohnung-lipinski.de\/index.php?rest_route=\/wp\/v2\/pages\/77","targetHints":{"allow":["GET"]}}],"collection":[{"href":"http:\/\/content.ferienwohnung-lipinski.de\/index.php?rest_route=\/wp\/v2\/pages"}],"about":[{"href":"http:\/\/content.ferienwohnung-lipinski.de\/index.php?rest_route=\/wp\/v2\/types\/page"}],"author":[{"embeddable":true,"href":"http:\/\/content.ferienwohnung-lipinski.de\/index.php?rest_route=\/wp\/v2\/users\/1"}],"replies":[{"embeddable":true,"href":"http:\/\/content.ferienwohnung-lipinski.de\/index.php?rest_route=%2Fwp%2Fv2%2Fcomments&post=77"}],"version-history":[{"count":2,"href":"http:\/\/content.ferienwohnung-lipinski.de\/index.php?rest_route=\/wp\/v2\/pages\/77\/revisions"}],"predecessor-version":[{"id":153,"href":"http:\/\/content.ferienwohnung-lipinski.de\/index.php?rest_route=\/wp\/v2\/pages\/77\/revisions\/153"}],"up":[{"embeddable":true,"href":"http:\/\/content.ferienwohnung-lipinski.de\/index.php?rest_route=\/wp\/v2\/pages\/84"}],"wp:attachment":[{"href":"http:\/\/content.ferienwohnung-lipinski.de\/index.php?rest_route=%2Fwp%2Fv2%2Fmedia&parent=77"}],"curies":[{"name":"wp","href":"https:\/\/api.w.org\/{rel}","templated":true}]}}